{"id":63,"date":"2018-08-06T12:38:45","date_gmt":"2018-08-06T12:38:45","guid":{"rendered":"http:\/\/ffw-bogenberg.de\/?page_id=63"},"modified":"2023-07-17T19:11:36","modified_gmt":"2023-07-17T19:11:36","slug":"jugendfeuerwehr","status":"publish","type":"page","link":"http:\/\/ffw-bogenberg.de\/?page_id=63","title":{"rendered":"Jugendfeuerwehr"},"content":{"rendered":"<p><img loading=\"lazy\" decoding=\"async\" class=\"alignnone wp-image-65 size-full\" src=\"http:\/\/ffw-bogenberg.de\/wp-content\/uploads\/2018\/08\/LFVN_E-Mail-Banner_Jungen.png\" alt=\"\" width=\"879\" height=\"312\" srcset=\"http:\/\/ffw-bogenberg.de\/wp-content\/uploads\/2018\/08\/LFVN_E-Mail-Banner_Jungen.png 879w, http:\/\/ffw-bogenberg.de\/wp-content\/uploads\/2018\/08\/LFVN_E-Mail-Banner_Jungen-300x106.png 300w, http:\/\/ffw-bogenberg.de\/wp-content\/uploads\/2018\/08\/LFVN_E-Mail-Banner_Jungen-768x273.png 768w\" sizes=\"auto, (max-width: 879px) 100vw, 879px\" \/><\/p>\n<p>Hallo!!<br \/>\nDu bist 12 Jahre oder \u00e4lter und hast Interesse an der Feuerwehr ???<\/p>\n<p><strong>Bei uns wirst du gebraucht!!<\/strong><\/p>\n<p>\u201eL\u00f6schen-Bergen-Retten-Sch\u00fctzen\u201c oder \u201eGott zur Ehr, dem N\u00e4chsten zur Wehr\u201c<\/p>\n<p><strong>Interessierst du dich f\u00fcr Technik und Fortschritt?<\/strong><\/p>\n<p>Willst du&nbsp; Action und Spa\u00df gemeinsam mit anderen Jugendlichen erleben und dich f\u00fcr andere B\u00fcrger engagieren und einsetzen?<\/p>\n<p>M\u00f6chtest du ernst genommen werden und mitentscheiden k\u00f6nnen?<\/p>\n<p>Dann bist du genau der oder die Richtige f\u00fcr die Jugendfeuerwehr!<\/p>\n<p>Du m\u00f6chtest auch ein Jugendfeuerwehrmann\/eine Jugendfeuerwehrfrau werden&nbsp;und weitere Infos erhalten?!<\/p>\n<p>Dann melde Dich doch bei uns, der Jugendgruppe der Feuerwehr Bogenberg:<\/p>\n<p style=\"text-align: center;\"><strong>jugendwart@ff-bogenberg.de<\/strong><\/p>\n<p>Dein Ansprechpartner ist der erste Jugendwart Tobias Rackl.<\/p>\n<p><img loading=\"lazy\" decoding=\"async\" class=\"alignnone wp-image-64 size-large\" src=\"http:\/\/ffw-bogenberg.de\/wp-content\/uploads\/2018\/08\/Jugendfeuerwehr-1024x768.jpg\" alt=\"\" width=\"474\" height=\"356\" srcset=\"http:\/\/ffw-bogenberg.de\/wp-content\/uploads\/2018\/08\/Jugendfeuerwehr-1024x768.jpg 1024w, http:\/\/ffw-bogenberg.de\/wp-content\/uploads\/2018\/08\/Jugendfeuerwehr-300x225.jpg 300w, http:\/\/ffw-bogenberg.de\/wp-content\/uploads\/2018\/08\/Jugendfeuerwehr-768x576.jpg 768w, http:\/\/ffw-bogenberg.de\/wp-content\/uploads\/2018\/08\/Jugendfeuerwehr.jpg 1599w\" sizes=\"auto, (max-width: 474px) 100vw, 474px\" \/><\/p>\n","protected":false},"excerpt":{"rendered":"<p>Hallo!! Du bist 12 Jahre oder \u00e4lter und hast Interesse an der Feuerwehr ??? Bei uns wirst du gebraucht!! \u201eL\u00f6schen-Bergen-Retten-Sch\u00fctzen\u201c oder \u201eGott zur Ehr, dem N\u00e4chsten zur Wehr\u201c Interessierst du dich f\u00fcr Technik und Fortschritt? Willst du&nbsp; Action und Spa\u00df gemeinsam mit anderen Jugendlichen erleben und dich f\u00fcr andere B\u00fcrger engagieren und einsetzen? M\u00f6chtest du [&hellip;]<\/p>\n","protected":false},"author":2,"featured_media":0,"parent":0,"menu_order":0,"comment_status":"closed","ping_status":"closed","template":"","meta":{"ngg_post_thumbnail":0,"footnotes":""},"class_list":["post-63","page","type-page","status-publish","hentry","post-preview"],"jetpack_sharing_enabled":true,"_links":{"self":[{"href":"http:\/\/ffw-bogenberg.de\/index.php?rest_route=\/wp\/v2\/pages\/63","targetHints":{"allow":["GET"]}}],"collection":[{"href":"http:\/\/ffw-bogenberg.de\/index.php?rest_route=\/wp\/v2\/pages"}],"about":[{"href":"http:\/\/ffw-bogenberg.de\/index.php?rest_route=\/wp\/v2\/types\/page"}],"author":[{"embeddable":true,"href":"http:\/\/ffw-bogenberg.de\/index.php?rest_route=\/wp\/v2\/users\/2"}],"replies":[{"embeddable":true,"href":"http:\/\/ffw-bogenberg.de\/index.php?rest_route=%2Fwp%2Fv2%2Fcomments&post=63"}],"version-history":[{"count":4,"href":"http:\/\/ffw-bogenberg.de\/index.php?rest_route=\/wp\/v2\/pages\/63\/revisions"}],"predecessor-version":[{"id":348,"href":"http:\/\/ffw-bogenberg.de\/index.php?rest_route=\/wp\/v2\/pages\/63\/revisions\/348"}],"wp:attachment":[{"href":"http:\/\/ffw-bogenberg.de\/index.php?rest_route=%2Fwp%2Fv2%2Fmedia&parent=63"}],"curies":[{"name":"wp","href":"https:\/\/api.w.org\/{rel}","templated":true}]}}