{"id":166,"date":"2021-04-09T10:04:11","date_gmt":"2021-04-09T10:04:11","guid":{"rendered":"http:\/\/ffw-bogenberg.de\/?page_id=166"},"modified":"2021-04-09T14:26:34","modified_gmt":"2021-04-09T14:26:34","slug":"fahrzeuge","status":"publish","type":"page","link":"https:\/\/ffw-bogenberg.de\/?page_id=166","title":{"rendered":"Fahrzeuge"},"content":{"rendered":"\n<figure class=\"wp-block-image size-large\"><img loading=\"lazy\" decoding=\"async\" width=\"1024\" height=\"682\" src=\"http:\/\/ffw-bogenberg.de\/wp-content\/uploads\/2021\/04\/FXIA3768-1024x682.jpg\" alt=\"\" class=\"wp-image-211\" srcset=\"https:\/\/ffw-bogenberg.de\/wp-content\/uploads\/2021\/04\/FXIA3768-1024x682.jpg 1024w, https:\/\/ffw-bogenberg.de\/wp-content\/uploads\/2021\/04\/FXIA3768-300x200.jpg 300w, https:\/\/ffw-bogenberg.de\/wp-content\/uploads\/2021\/04\/FXIA3768-768x512.jpg 768w, https:\/\/ffw-bogenberg.de\/wp-content\/uploads\/2021\/04\/FXIA3768-1536x1023.jpg 1536w, https:\/\/ffw-bogenberg.de\/wp-content\/uploads\/2021\/04\/FXIA3768-676x450.jpg 676w, https:\/\/ffw-bogenberg.de\/wp-content\/uploads\/2021\/04\/FXIA3768.jpg 1600w\" sizes=\"auto, (max-width: 1024px) 100vw, 1024px\" \/><figcaption>Fahrzeug\u00fcbergabe durch die Este B\u00fcrgermeisterin Andrea Probst<\/figcaption><\/figure>\n\n\n\n<blockquote class=\"wp-block-quote is-style-large is-layout-flow wp-block-quote-is-layout-flow\"><p><em>Unsere Feuerwehr wird noch leistungsf\u00e4higer&#8230; Heute durfte ich der FFW Bogenberg offiziell den Schl\u00fcssel f\u00fcr das neue Fahrzeug, ein MLF 47.1, \u00fcbergeben. Ich w\u00fcnsche der <a href=\"https:\/\/de-de.facebook.com\/hashtag\/ffwbogenberg?__eep__=6&amp;source=feed_text&amp;epa=HASHTAG&amp;__xts__%5B0%5D=68.ARDS3ilzwS8UrxeWUG4ZMKDECyTczaZaYG6m-vtIG7dKGK2rfuVDqUwNwsbETY6J_gUWUMeWTYBhIsf33rnbTJlVcFNur7PLi9rhv6-lkedXy9SFL9VT3fcE3pbPy4ZHKNbuL7zF7y9LV5BQuk1YzVqOCtPwcs47msfA9k7zQRQZXbxubG4TYBNPILwhO56y7LONOUjeVcjBetQ_dfVBZHY82Dhh78JIwFBd6jmZ12VqHHtQX_VAvsGruTCcs5FuCB2cNKGq935k_uYtmsv69pOlM2iHL-2UIdPHF_D0jCGHwcZRgLpBqLGjd7ITvNn-AjpKL9WkJpn7QAVinBlukb_IHlRJOwuVVJedpaqdrcC_wPqETCHonSYLk-XLC-QlCufRuQ&amp;__tn__=%2ANKH-R\">#ffwbogenberg<\/a> gute und unfallfreie Eins\u00e4tze! Danke an die Kommandanten Daniel Sch\u00e4tz und Franz Walter und an den Vorstand Thomas Rackl f\u00fcr ihr gro\u00dfes Engagement zum Wohle unserer Stadt.<\/em><\/p><p><\/p><cite>Andrea Probst, 1. B\u00fcrgermeisterin der Stadt Bogen (Facebook)<\/cite><\/blockquote>\n\n\n\n<div class=\"wp-block-image\"><figure class=\"aligncenter size-large\"><img loading=\"lazy\" decoding=\"async\" width=\"1024\" height=\"768\" src=\"http:\/\/ffw-bogenberg.de\/wp-content\/uploads\/2021\/04\/MLF-Bogenberg-1024x768.jpeg\" alt=\"\" class=\"wp-image-192\" srcset=\"https:\/\/ffw-bogenberg.de\/wp-content\/uploads\/2021\/04\/MLF-Bogenberg-1024x768.jpeg 1024w, https:\/\/ffw-bogenberg.de\/wp-content\/uploads\/2021\/04\/MLF-Bogenberg-300x225.jpeg 300w, https:\/\/ffw-bogenberg.de\/wp-content\/uploads\/2021\/04\/MLF-Bogenberg-768x576.jpeg 768w, https:\/\/ffw-bogenberg.de\/wp-content\/uploads\/2021\/04\/MLF-Bogenberg-1536x1152.jpeg 1536w, https:\/\/ffw-bogenberg.de\/wp-content\/uploads\/2021\/04\/MLF-Bogenberg-2048x1536.jpeg 2048w, https:\/\/ffw-bogenberg.de\/wp-content\/uploads\/2021\/04\/MLF-Bogenberg-676x507.jpeg 676w\" sizes=\"auto, (max-width: 1024px) 100vw, 1024px\" \/><figcaption>Florian Bogenberg 47\/1 im Pfarrhof am Bogenberg<\/figcaption><\/figure><\/div>\n\n\n\n<div class=\"wp-block-buttons alignwide is-content-justification-center is-layout-flex wp-block-buttons-is-layout-flex\">\n<div class=\"wp-block-button\"><a class=\"wp-block-button__link\" href=\"http:\/\/ffw-bogenberg.de\/?page_id=194\">Fahrzeugvorstellung Florian Bogenberg 47\/1<\/a><\/div>\n<\/div>\n\n\n\n<div class=\"wp-block-buttons is-content-justification-center is-layout-flex wp-block-buttons-is-layout-flex\">\n<div class=\"wp-block-button\"><a class=\"wp-block-button__link\" href=\"https:\/\/www.youtube.com\/watch?v=RZQqz3YT3sg\">Vorstellungsvideo<\/a><\/div>\n<\/div>\n\n\n\n<p>Vorstellungsvideo auf Youtube<\/p>\n","protected":false},"excerpt":{"rendered":"<p>Unsere Feuerwehr wird noch leistungsf\u00e4higer&#8230; Heute durfte ich der FFW Bogenberg offiziell den Schl\u00fcssel f\u00fcr das neue Fahrzeug, ein MLF 47.1, \u00fcbergeben. Ich w\u00fcnsche der #ffwbogenberg gute und unfallfreie Eins\u00e4tze! Danke an die Kommandanten Daniel Sch\u00e4tz und Franz Walter und an den Vorstand Thomas Rackl f\u00fcr ihr gro\u00dfes Engagement zum Wohle unserer Stadt. Andrea Probst, [&hellip;]<\/p>\n","protected":false},"author":2,"featured_media":0,"parent":0,"menu_order":0,"comment_status":"closed","ping_status":"closed","template":"","meta":{"ngg_post_thumbnail":0,"footnotes":""},"class_list":["post-166","page","type-page","status-publish","hentry","post-preview"],"jetpack_sharing_enabled":true,"_links":{"self":[{"href":"https:\/\/ffw-bogenberg.de\/index.php?rest_route=\/wp\/v2\/pages\/166","targetHints":{"allow":["GET"]}}],"collection":[{"href":"https:\/\/ffw-bogenberg.de\/index.php?rest_route=\/wp\/v2\/pages"}],"about":[{"href":"https:\/\/ffw-bogenberg.de\/index.php?rest_route=\/wp\/v2\/types\/page"}],"author":[{"embeddable":true,"href":"https:\/\/ffw-bogenberg.de\/index.php?rest_route=\/wp\/v2\/users\/2"}],"replies":[{"embeddable":true,"href":"https:\/\/ffw-bogenberg.de\/index.php?rest_route=%2Fwp%2Fv2%2Fcomments&post=166"}],"version-history":[{"count":16,"href":"https:\/\/ffw-bogenberg.de\/index.php?rest_route=\/wp\/v2\/pages\/166\/revisions"}],"predecessor-version":[{"id":291,"href":"https:\/\/ffw-bogenberg.de\/index.php?rest_route=\/wp\/v2\/pages\/166\/revisions\/291"}],"wp:attachment":[{"href":"https:\/\/ffw-bogenberg.de\/index.php?rest_route=%2Fwp%2Fv2%2Fmedia&parent=166"}],"curies":[{"name":"wp","href":"https:\/\/api.w.org\/{rel}","templated":true}]}}