{"id":351,"date":"2023-10-24T16:55:24","date_gmt":"2023-10-24T16:55:24","guid":{"rendered":"https:\/\/ffw-bogenberg.de\/?page_id=351"},"modified":"2024-12-30T11:17:14","modified_gmt":"2024-12-30T11:17:14","slug":"homepage","status":"publish","type":"page","link":"https:\/\/ffw-bogenberg.de\/","title":{"rendered":"Homepage"},"content":{"rendered":"\n<h2 class=\"wp-block-heading has-text-align-center\">Neues aus der Wehr<\/h2>\n\n\n\n<div class=\"wp-block-media-text alignwide has-media-on-the-right is-stacked-on-mobile\"><div class=\"wp-block-media-text__content\">\n<p>Am 5 Januar 2024 ist es wieder soweit! <\/p>\n\n\n\n<p>Die FFW Bogenberg l\u00e4dt zum j\u00e4hrlichen Schwarz-Wei\u00df-Faschingsball im Landgasthof Wurm in B\u00e4rndorf ein!<\/p>\n\n\n\n<p>Beginn um 20:00 Uhr mit der Band Breezers!<\/p>\n\n\n\n<p>Mit Tombola und Showeinlage! <\/p>\n\n\n\n<p>Fr\u00fch kommen und sich eine Platz sichern lohnt sich!<\/p>\n<\/div><figure class=\"wp-block-media-text__media\"><video controls src=\"https:\/\/ffw-bogenberg.de\/wp-content\/uploads\/2023\/12\/Feuerwehrball_24.mp4\"><\/video><\/figure><\/div>\n\n\n\n<div class=\"wp-block-media-text alignwide is-stacked-on-mobile\"><figure class=\"wp-block-media-text__media\"><img loading=\"lazy\" decoding=\"async\" width=\"867\" height=\"1024\" src=\"https:\/\/ffw-bogenberg.de\/wp-content\/uploads\/2023\/11\/Gaudi_Gulasch-867x1024.png\" alt=\"\" class=\"wp-image-364 size-full\" srcset=\"https:\/\/ffw-bogenberg.de\/wp-content\/uploads\/2023\/11\/Gaudi_Gulasch-867x1024.png 867w, https:\/\/ffw-bogenberg.de\/wp-content\/uploads\/2023\/11\/Gaudi_Gulasch-254x300.png 254w, https:\/\/ffw-bogenberg.de\/wp-content\/uploads\/2023\/11\/Gaudi_Gulasch-768x907.png 768w, https:\/\/ffw-bogenberg.de\/wp-content\/uploads\/2023\/11\/Gaudi_Gulasch-1301x1536.png 1301w, https:\/\/ffw-bogenberg.de\/wp-content\/uploads\/2023\/11\/Gaudi_Gulasch-676x798.png 676w, https:\/\/ffw-bogenberg.de\/wp-content\/uploads\/2023\/11\/Gaudi_Gulasch-600x708.png 600w, https:\/\/ffw-bogenberg.de\/wp-content\/uploads\/2023\/11\/Gaudi_Gulasch.png 1494w\" sizes=\"auto, (max-width: 867px) 100vw, 867px\" \/><\/figure><div class=\"wp-block-media-text__content\">\n<p>Der Ticketvorverkauf f\u00fcr das Gaudi Gulasch ist gestartet! Das Event findet am 25.07.2024 in Breitenweinzier in unserem Festzelt statt!<\/p>\n\n\n\n<p>Ein unterhaltsamer Abend wartet auf Dich, Deine Familie und Deine Freunde! <\/p>\n\n\n\n<p>Die K\u00fcnstler treten im Wechsel auf, so dass f\u00fcr hervoragende Unterhaltung gesorgt ist, aber auch gen\u00fcgend Zeit zum Ratschen bleibt! Um 20:00 Uhr geht&#8217;s mit dem Programm los! <\/p>\n\n\n\n<p>Essen und Trinken kann man ebenso den ganzen Abend lang!<\/p>\n\n\n\n<p>Es gibt nur noch zwei M\u00f6glichkeiten, wie Ihr an Tickets kommt:<\/p>\n\n\n\n<ul class=\"wp-block-list\">\n<li>bis Dienstagabend an unseren Kartenvorverkaufsstellen: <br>Tankstelle Wurm in B\u00e4rndorf, Tankstelle Vogl in Niederwinkling und Apotheke Holzner in Bogen<\/li>\n<\/ul>\n\n\n\n<ul class=\"wp-block-list\">\n<li>an der Abendkasse<\/li>\n<\/ul>\n\n\n\n<p>Es sind keine Platzreservierungen m\u00f6glich! Fr\u00fch kommen lohnt sich also.<\/p>\n<\/div><\/div>\n\n\n\n<div class=\"wp-block-media-text alignwide is-stacked-on-mobile has-media-on-the-right\"><figure class=\"wp-block-media-text__media\"><img loading=\"lazy\" decoding=\"async\" width=\"731\" height=\"1024\" src=\"http:\/\/ffw-bogenberg.de\/wp-content\/uploads\/2023\/06\/Zeichenflaeche-1@2x-20-731x1024.jpg\" alt=\"\" class=\"wp-image-317 size-full\" srcset=\"https:\/\/ffw-bogenberg.de\/wp-content\/uploads\/2023\/06\/Zeichenflaeche-1@2x-20-731x1024.jpg 731w, https:\/\/ffw-bogenberg.de\/wp-content\/uploads\/2023\/06\/Zeichenflaeche-1@2x-20-214x300.jpg 214w, https:\/\/ffw-bogenberg.de\/wp-content\/uploads\/2023\/06\/Zeichenflaeche-1@2x-20-768x1076.jpg 768w, https:\/\/ffw-bogenberg.de\/wp-content\/uploads\/2023\/06\/Zeichenflaeche-1@2x-20-676x947.jpg 676w, https:\/\/ffw-bogenberg.de\/wp-content\/uploads\/2023\/06\/Zeichenflaeche-1@2x-20.jpg 874w\" sizes=\"auto, (max-width: 731px) 100vw, 731px\" \/><\/figure><div class=\"wp-block-media-text__content\">\n<p class=\"has-large-font-size\">N\u00e4chstes Jahr steigt unser Gr\u00fcndungsjubil\u00e4um mit Weihe der restaurierten Fahne! <\/p>\n\n\n\n<p>Seid dabei! <\/p>\n\n\n\n<p>Weiter Infos folgen noch&#8230;<\/p>\n<\/div><\/div>\n\n\n\n<div class=\"wp-block-media-text alignwide is-stacked-on-mobile\"><figure class=\"wp-block-media-text__media\"><img loading=\"lazy\" decoding=\"async\" width=\"1024\" height=\"768\" src=\"http:\/\/ffw-bogenberg.de\/wp-content\/uploads\/2021\/04\/image0-1024x768.jpeg\" alt=\"\" class=\"wp-image-205 size-full\" srcset=\"https:\/\/ffw-bogenberg.de\/wp-content\/uploads\/2021\/04\/image0-1024x768.jpeg 1024w, https:\/\/ffw-bogenberg.de\/wp-content\/uploads\/2021\/04\/image0-300x225.jpeg 300w, https:\/\/ffw-bogenberg.de\/wp-content\/uploads\/2021\/04\/image0-768x576.jpeg 768w, https:\/\/ffw-bogenberg.de\/wp-content\/uploads\/2021\/04\/image0-1536x1152.jpeg 1536w, https:\/\/ffw-bogenberg.de\/wp-content\/uploads\/2021\/04\/image0-2048x1536.jpeg 2048w, https:\/\/ffw-bogenberg.de\/wp-content\/uploads\/2021\/04\/image0-676x507.jpeg 676w\" sizes=\"auto, (max-width: 1024px) 100vw, 1024px\" \/><\/figure><div class=\"wp-block-media-text__content\">\n<p class=\"has-large-font-size\">Unser neues MLF ist da!<\/p>\n\n\n\n<p><a href=\"https:\/\/ffw-bogenberg.de\/?page_id=194\" data-type=\"URL\" data-id=\"https:\/\/ffw-bogenberg.de\/?page_id=194\">Schau es dir mal genauer an!<\/a><\/p>\n<\/div><\/div>\n\n\n\n<div class=\"wp-block-media-text alignwide is-stacked-on-mobile has-media-on-the-right\"><figure class=\"wp-block-media-text__media\"><img loading=\"lazy\" decoding=\"async\" width=\"718\" height=\"1024\" src=\"http:\/\/ffw-bogenberg.de\/wp-content\/uploads\/2019\/12\/Feuerwehrball2020-718x1024.jpg\" alt=\"\" class=\"wp-image-129 size-full\" srcset=\"https:\/\/ffw-bogenberg.de\/wp-content\/uploads\/2019\/12\/Feuerwehrball2020-718x1024.jpg 718w, https:\/\/ffw-bogenberg.de\/wp-content\/uploads\/2019\/12\/Feuerwehrball2020-210x300.jpg 210w, https:\/\/ffw-bogenberg.de\/wp-content\/uploads\/2019\/12\/Feuerwehrball2020-768x1095.jpg 768w, https:\/\/ffw-bogenberg.de\/wp-content\/uploads\/2019\/12\/Feuerwehrball2020.jpg 886w\" sizes=\"auto, (max-width: 718px) 100vw, 718px\" \/><\/figure><div class=\"wp-block-media-text__content\">\n<p class=\"has-large-font-size\">Unser letzter Feuerwehrball ist schon wieder etwas her! Freut euch daher auf n\u00e4chstes Jahr!<\/p>\n<\/div><\/div>\n\n\n","protected":false},"excerpt":{"rendered":"<p>Neues aus der Wehr Am 5 Januar 2024 ist es wieder soweit! Die FFW Bogenberg l\u00e4dt zum j\u00e4hrlichen Schwarz-Wei\u00df-Faschingsball im Landgasthof Wurm in B\u00e4rndorf ein! Beginn um 20:00 Uhr mit der Band Breezers! Mit Tombola und Showeinlage! Fr\u00fch kommen und sich eine Platz sichern lohnt sich! N\u00e4chstes Jahr steigt unser Gr\u00fcndungsjubil\u00e4um mit Weihe der restaurierten [&hellip;]<\/p>\n","protected":false},"author":3,"featured_media":0,"parent":0,"menu_order":0,"comment_status":"closed","ping_status":"closed","template":"","meta":{"ngg_post_thumbnail":0,"footnotes":""},"class_list":["post-351","page","type-page","status-publish","hentry","post-preview"],"jetpack_sharing_enabled":true,"_links":{"self":[{"href":"https:\/\/ffw-bogenberg.de\/index.php?rest_route=\/wp\/v2\/pages\/351","targetHints":{"allow":["GET"]}}],"collection":[{"href":"https:\/\/ffw-bogenberg.de\/index.php?rest_route=\/wp\/v2\/pages"}],"about":[{"href":"https:\/\/ffw-bogenberg.de\/index.php?rest_route=\/wp\/v2\/types\/page"}],"author":[{"embeddable":true,"href":"https:\/\/ffw-bogenberg.de\/index.php?rest_route=\/wp\/v2\/users\/3"}],"replies":[{"embeddable":true,"href":"https:\/\/ffw-bogenberg.de\/index.php?rest_route=%2Fwp%2Fv2%2Fcomments&post=351"}],"version-history":[{"count":8,"href":"https:\/\/ffw-bogenberg.de\/index.php?rest_route=\/wp\/v2\/pages\/351\/revisions"}],"predecessor-version":[{"id":419,"href":"https:\/\/ffw-bogenberg.de\/index.php?rest_route=\/wp\/v2\/pages\/351\/revisions\/419"}],"wp:attachment":[{"href":"https:\/\/ffw-bogenberg.de\/index.php?rest_route=%2Fwp%2Fv2%2Fmedia&parent=351"}],"curies":[{"name":"wp","href":"https:\/\/api.w.org\/{rel}","templated":true}]}}