{"id":72,"date":"2018-08-06T12:56:46","date_gmt":"2018-08-06T12:56:46","guid":{"rendered":"http:\/\/ffw-bogenberg.de\/?page_id=72"},"modified":"2021-04-09T15:16:04","modified_gmt":"2021-04-09T15:16:04","slug":"einsaetze","status":"publish","type":"page","link":"https:\/\/ffw-bogenberg.de\/?page_id=72","title":{"rendered":"Eins\u00e4tze"},"content":{"rendered":"<p>Einen Teil unserer Eins\u00e4tze werden auf der Facebookseite ver\u00f6ffentlicht.<\/p>\n<p>Hier ist eine \u00dcbersicht der Eins\u00e4tze aus dem vergangen Berichtsjahr* 2019\/2020:<\/p>\n\n\n<div class=\"wp-block-image\"><figure class=\"aligncenter size-large\"><img loading=\"lazy\" decoding=\"async\" width=\"1024\" height=\"612\" src=\"http:\/\/ffw-bogenberg.de\/wp-content\/uploads\/2021\/04\/Einsatzstatistik-2019_2020-1024x612.png\" alt=\"\" class=\"wp-image-296\" srcset=\"https:\/\/ffw-bogenberg.de\/wp-content\/uploads\/2021\/04\/Einsatzstatistik-2019_2020-1024x612.png 1024w, https:\/\/ffw-bogenberg.de\/wp-content\/uploads\/2021\/04\/Einsatzstatistik-2019_2020-300x179.png 300w, https:\/\/ffw-bogenberg.de\/wp-content\/uploads\/2021\/04\/Einsatzstatistik-2019_2020-768x459.png 768w, https:\/\/ffw-bogenberg.de\/wp-content\/uploads\/2021\/04\/Einsatzstatistik-2019_2020-676x404.png 676w, https:\/\/ffw-bogenberg.de\/wp-content\/uploads\/2021\/04\/Einsatzstatistik-2019_2020.png 1129w\" sizes=\"auto, (max-width: 1024px) 100vw, 1024px\" \/><figcaption>Einsatzstatistik 2019\/2020<\/figcaption><\/figure><\/div>\n\n\n\n<p>*Unser Berichtsjahr bezieht sich auf den Zeitraum zwischen November 2019 und November 2020.<\/p>\n","protected":false},"excerpt":{"rendered":"<p>Einen Teil unserer Eins\u00e4tze werden auf der Facebookseite ver\u00f6ffentlicht. Hier ist eine \u00dcbersicht der Eins\u00e4tze aus dem vergangen Berichtsjahr* 2019\/2020: *Unser Berichtsjahr bezieht sich auf den Zeitraum zwischen November 2019 und November 2020.<\/p>\n","protected":false},"author":2,"featured_media":0,"parent":0,"menu_order":0,"comment_status":"closed","ping_status":"closed","template":"","meta":{"ngg_post_thumbnail":0,"footnotes":""},"class_list":["post-72","page","type-page","status-publish","hentry","post-preview"],"jetpack_sharing_enabled":true,"_links":{"self":[{"href":"https:\/\/ffw-bogenberg.de\/index.php?rest_route=\/wp\/v2\/pages\/72","targetHints":{"allow":["GET"]}}],"collection":[{"href":"https:\/\/ffw-bogenberg.de\/index.php?rest_route=\/wp\/v2\/pages"}],"about":[{"href":"https:\/\/ffw-bogenberg.de\/index.php?rest_route=\/wp\/v2\/types\/page"}],"author":[{"embeddable":true,"href":"https:\/\/ffw-bogenberg.de\/index.php?rest_route=\/wp\/v2\/users\/2"}],"replies":[{"embeddable":true,"href":"https:\/\/ffw-bogenberg.de\/index.php?rest_route=%2Fwp%2Fv2%2Fcomments&post=72"}],"version-history":[{"count":6,"href":"https:\/\/ffw-bogenberg.de\/index.php?rest_route=\/wp\/v2\/pages\/72\/revisions"}],"predecessor-version":[{"id":297,"href":"https:\/\/ffw-bogenberg.de\/index.php?rest_route=\/wp\/v2\/pages\/72\/revisions\/297"}],"wp:attachment":[{"href":"https:\/\/ffw-bogenberg.de\/index.php?rest_route=%2Fwp%2Fv2%2Fmedia&parent=72"}],"curies":[{"name":"wp","href":"https:\/\/api.w.org\/{rel}","templated":true}]}}